{"id":8,"date":"2022-09-25T19:14:24","date_gmt":"2022-09-25T19:14:24","guid":{"rendered":"https:\/\/twojaimprezka.pl\/?page_id=8"},"modified":"2022-12-01T22:18:04","modified_gmt":"2022-12-01T22:18:04","slug":"home","status":"publish","type":"page","link":"https:\/\/twojaimprezka.pl\/","title":{"rendered":"Strona G\u0142\u00f3wna"},"content":{"rendered":"\n[et_pb_section fb_built=&#8221;1&#8243; admin_label=&#8221;section&#8221; _builder_version=&#8221;4.18.0&#8243; global_colors_info=&#8221;{}&#8221;][et_pb_row _builder_version=&#8221;4.18.0&#8243; _module_preset=&#8221;default&#8221; global_colors_info=&#8221;{}&#8221;][et_pb_column type=&#8221;4_4&#8243; _builder_version=&#8221;4.18.0&#8243; _module_preset=&#8221;default&#8221; global_colors_info=&#8221;{}&#8221;][et_pb_text _builder_version=&#8221;4.18.0&#8243; _module_preset=&#8221;default&#8221; text_text_color=&#8221;#000000&#8243; link_font=&#8221;Aclonica||||||||&#8221; header_font=&#8221;Acme|700|||||||&#8221; text_orientation=&#8221;center&#8221; animation_style=&#8221;slide&#8221; animation_duration=&#8221;1450ms&#8221; global_colors_info=&#8221;{}&#8221;]<h1><strong>WITAJ NA STRONIE\u00a0\u00a0<\/strong><\/h1>[\/et_pb_text][\/et_pb_column][\/et_pb_row][et_pb_row admin_label=&#8221;row&#8221; _builder_version=&#8221;4.18.0&#8243; background_size=&#8221;initial&#8221; background_position=&#8221;top_left&#8221; background_repeat=&#8221;repeat&#8221; global_colors_info=&#8221;{}&#8221;][et_pb_column type=&#8221;4_4&#8243; _builder_version=&#8221;4.16&#8243; custom_padding=&#8221;|||&#8221; global_colors_info=&#8221;{}&#8221; custom_padding__hover=&#8221;|||&#8221;][et_pb_text admin_label=&#8221;Text&#8221; _builder_version=&#8221;4.18.0&#8243; background_size=&#8221;initial&#8221; background_position=&#8221;top_left&#8221; background_repeat=&#8221;repeat&#8221; hover_enabled=&#8221;0&#8243; global_colors_info=&#8221;{}&#8221; sticky_enabled=&#8221;0&#8243;]<p><!-- divi:paragraph --><mark style=\"background-color: rgba(0, 0, 0, 0);\" class=\"has-inline-color has-foreground-color\">Nasz\u0105 dewiz\u0105 jest ca\u0142kowite spe\u0142nienie oczekiwa\u0144 zleceniodawcy, dlatego na etapie przygotowa\u0144 zadajemy du\u017co pyta\u0144, by ustali\u0107 wszelkie szczeg\u00f3\u0142y wydarzenia.<br \/>Nigdy nie narzucamy swojego punktu widzenia, cho\u0107 bazuj\u0105c na du\u017cym do\u015bwiadczeniu, staramy si\u0119 podpowiada\u0107 najlepsze rozwi\u0105zania.<br \/>Do ka\u017cdego klienta podchodzimy indywidualnie, bo ka\u017cdy z nas jest inny i nie ma dw\u00f3ch takich samych imprez, jest jednak jeden wsp\u00f3lny mianownik&#8230; DOBRA ZABAWA!<br \/>Jedyne czego nie mo\u017cemy Pa\u0144stwu zagwarantowa\u0107 to Waszej kondycji podczas ta\u0144c\u00f3w i konkurs\u00f3w!<\/mark><\/p>\n<p><!-- \/divi:paragraph --><\/p>[\/et_pb_text][\/et_pb_column][\/et_pb_row][et_pb_row _builder_version=&#8221;4.18.0&#8243; _module_preset=&#8221;default&#8221; global_colors_info=&#8221;{}&#8221;][et_pb_column type=&#8221;4_4&#8243; _builder_version=&#8221;4.18.0&#8243; _module_preset=&#8221;default&#8221; global_colors_info=&#8221;{}&#8221;][et_pb_gallery gallery_ids=&#8221;162,164,53&#8243; show_title_and_caption=&#8221;off&#8221; show_pagination=&#8221;off&#8221; _builder_version=&#8221;4.18.0&#8243; _module_preset=&#8221;default&#8221; global_colors_info=&#8221;{}&#8221;][\/et_pb_gallery][\/et_pb_column][\/et_pb_row][et_pb_row _builder_version=&#8221;4.18.0&#8243; _module_preset=&#8221;default&#8221; global_colors_info=&#8221;{}&#8221;][et_pb_column type=&#8221;4_4&#8243; _builder_version=&#8221;4.18.0&#8243; _module_preset=&#8221;default&#8221; global_colors_info=&#8221;{}&#8221;][\/et_pb_column][\/et_pb_row][\/et_pb_section]\n","protected":false},"excerpt":{"rendered":"<p>WITAJ NA STRONIE\u00a0\u00a0Nasz\u0105 dewiz\u0105 jest ca\u0142kowite spe\u0142nienie oczekiwa\u0144 zleceniodawcy, dlatego na etapie przygotowa\u0144 zadajemy du\u017co pyta\u0144, by ustali\u0107 wszelkie szczeg\u00f3\u0142y wydarzenia.Nigdy nie narzucamy swojego punktu widzenia, cho\u0107 bazuj\u0105c na du\u017cym do\u015bwiadczeniu, staramy si\u0119 podpowiada\u0107 najlepsze rozwi\u0105zania.Do ka\u017cdego klienta podchodzimy indywidualnie, bo ka\u017cdy z nas jest inny i nie ma dw\u00f3ch takich samych imprez, jest jednak [&hellip;]<\/p>\n","protected":false},"author":1,"featured_media":0,"parent":0,"menu_order":0,"comment_status":"closed","ping_status":"closed","template":"","meta":{"_et_pb_use_builder":"on","_et_pb_old_content":"<!-- wp:paragraph -->\n<p><strong><mark style=\"background-color:rgba(0, 0, 0, 0)\" class=\"has-inline-color has-foreground-color\">Nasz\u0105 dewiz\u0105 jest ca\u0142kowite spe\u0142nienie oczekiwa\u0144 zleceniodawcy, dlatego na etapie przygotowa\u0144 zadajemy du\u017co pyta\u0144, by ustali\u0107 wszelkie szczeg\u00f3\u0142y wydarzenia.<br>Nigdy nie narzucamy swojego punktu widzenia, cho\u0107 bazuj\u0105c na du\u017cym do\u015bwiadczeniu, staramy si\u0119 podpowiada\u0107 najlepsze rozwi\u0105zania.<br>Do ka\u017cdego klienta podchodz\u0119 indywidualnie, bo ka\u017cdy z nas jest inny i nie ma dw\u00f3ch takich samych imprez, jest jednak jeden wsp\u00f3lny mianownik... DOBRA ZABAWA!<br>Jedyne czego nie mo\u017cemy Pa\u0144stwu zagwarantowa\u0107 to Waszej kondycji podczas ta\u0144c\u00f3w i konkurs\u00f3w!<\/mark><\/strong><\/p>\n<!-- \/wp:paragraph -->","_et_gb_content_width":"1080"},"_links":{"self":[{"href":"https:\/\/twojaimprezka.pl\/index.php?rest_route=\/wp\/v2\/pages\/8"}],"collection":[{"href":"https:\/\/twojaimprezka.pl\/index.php?rest_route=\/wp\/v2\/pages"}],"about":[{"href":"https:\/\/twojaimprezka.pl\/index.php?rest_route=\/wp\/v2\/types\/page"}],"author":[{"embeddable":true,"href":"https:\/\/twojaimprezka.pl\/index.php?rest_route=\/wp\/v2\/users\/1"}],"replies":[{"embeddable":true,"href":"https:\/\/twojaimprezka.pl\/index.php?rest_route=%2Fwp%2Fv2%2Fcomments&post=8"}],"version-history":[{"count":26,"href":"https:\/\/twojaimprezka.pl\/index.php?rest_route=\/wp\/v2\/pages\/8\/revisions"}],"predecessor-version":[{"id":197,"href":"https:\/\/twojaimprezka.pl\/index.php?rest_route=\/wp\/v2\/pages\/8\/revisions\/197"}],"wp:attachment":[{"href":"https:\/\/twojaimprezka.pl\/index.php?rest_route=%2Fwp%2Fv2%2Fmedia&parent=8"}],"curies":[{"name":"wp","href":"https:\/\/api.w.org\/{rel}","templated":true}]}}