{"id":144,"date":"2022-10-06T10:51:50","date_gmt":"2022-10-06T10:51:50","guid":{"rendered":"https:\/\/twojaimprezka.pl\/?page_id=144"},"modified":"2022-10-06T12:45:06","modified_gmt":"2022-10-06T12:45:06","slug":"zamki-dmuchane","status":"publish","type":"page","link":"https:\/\/twojaimprezka.pl\/?page_id=144","title":{"rendered":"ZAMEK DMUCHANY"},"content":{"rendered":"<p>[et_pb_section fb_built=&#8221;1&#8243; _builder_version=&#8221;4.18.0&#8243; _module_preset=&#8221;default&#8221; global_colors_info=&#8221;{}&#8221;][et_pb_row _builder_version=&#8221;4.18.0&#8243; _module_preset=&#8221;default&#8221; global_colors_info=&#8221;{}&#8221;][et_pb_column type=&#8221;4_4&#8243; _builder_version=&#8221;4.18.0&#8243; _module_preset=&#8221;default&#8221; global_colors_info=&#8221;{}&#8221;][et_pb_text _builder_version=&#8221;4.18.0&#8243; _module_preset=&#8221;default&#8221; hover_enabled=&#8221;0&#8243; global_colors_info=&#8221;{}&#8221; sticky_enabled=&#8221;0&#8243;]<\/p>\n<p><span>Mamy do wynaj\u0119cia profesjonalnego dmucha\u0144ca 2 w 1( trampolina i zje\u017cd\u017calnia) ! Idealny dla dzieci do 9 lat ! Sprz\u0119t posiada dokumentacje\u00a0DTR (dokumentacja techniczno-ruchowa) i OT (orzeczenie techniczne) wystawione przez specjalistycznego rzeczoznawc\u0119, co zapewnia nam wysokie poczucie bezpiecze\u0144stwa.<\/span><\/p>\n<p>W celu poznania szczeg\u00f3\u0142\u00f3w skontaktuj si\u0119 z nami poprzez zak\u0142adk\u0119 <a href=\"https:\/\/twojaimprezka.pl\/?page_id=108\">KONTAKT<\/a>\u00a0<span><\/span><\/p>\n<p><span><\/span><\/p>\n<p>[\/et_pb_text][\/et_pb_column][\/et_pb_row][et_pb_row _builder_version=&#8221;4.18.0&#8243; _module_preset=&#8221;default&#8221; global_colors_info=&#8221;{}&#8221;][et_pb_column type=&#8221;4_4&#8243; _builder_version=&#8221;4.18.0&#8243; _module_preset=&#8221;default&#8221; global_colors_info=&#8221;{}&#8221;][et_pb_gallery gallery_ids=&#8221;156,160,155,154&#8243; show_title_and_caption=&#8221;off&#8221; _builder_version=&#8221;4.18.0&#8243; _module_preset=&#8221;default&#8221; hover_enabled=&#8221;0&#8243; global_colors_info=&#8221;{}&#8221; sticky_enabled=&#8221;0&#8243;][\/et_pb_gallery][\/et_pb_column][\/et_pb_row][\/et_pb_section]<\/p>\n","protected":false},"excerpt":{"rendered":"<p>Mamy do wynaj\u0119cia profesjonalnego dmucha\u0144ca 2 w 1( trampolina i zje\u017cd\u017calnia) ! Idealny dla dzieci do 9 lat ! Sprz\u0119t posiada dokumentacje\u00a0DTR (dokumentacja techniczno-ruchowa) i OT (orzeczenie techniczne) wystawione przez specjalistycznego rzeczoznawc\u0119, co zapewnia nam wysokie poczucie bezpiecze\u0144stwa. W celu poznania szczeg\u00f3\u0142\u00f3w skontaktuj si\u0119 z nami poprzez zak\u0142adk\u0119 KONTAKT\u00a0<\/p>\n","protected":false},"author":1,"featured_media":0,"parent":0,"menu_order":0,"comment_status":"closed","ping_status":"closed","template":"","meta":{"_et_pb_use_builder":"on","_et_pb_old_content":"","_et_gb_content_width":""},"_links":{"self":[{"href":"https:\/\/twojaimprezka.pl\/index.php?rest_route=\/wp\/v2\/pages\/144"}],"collection":[{"href":"https:\/\/twojaimprezka.pl\/index.php?rest_route=\/wp\/v2\/pages"}],"about":[{"href":"https:\/\/twojaimprezka.pl\/index.php?rest_route=\/wp\/v2\/types\/page"}],"author":[{"embeddable":true,"href":"https:\/\/twojaimprezka.pl\/index.php?rest_route=\/wp\/v2\/users\/1"}],"replies":[{"embeddable":true,"href":"https:\/\/twojaimprezka.pl\/index.php?rest_route=%2Fwp%2Fv2%2Fcomments&post=144"}],"version-history":[{"count":5,"href":"https:\/\/twojaimprezka.pl\/index.php?rest_route=\/wp\/v2\/pages\/144\/revisions"}],"predecessor-version":[{"id":161,"href":"https:\/\/twojaimprezka.pl\/index.php?rest_route=\/wp\/v2\/pages\/144\/revisions\/161"}],"wp:attachment":[{"href":"https:\/\/twojaimprezka.pl\/index.php?rest_route=%2Fwp%2Fv2%2Fmedia&parent=144"}],"curies":[{"name":"wp","href":"https:\/\/api.w.org\/{rel}","templated":true}]}}