{"id":118,"date":"2022-10-04T18:56:05","date_gmt":"2022-10-04T18:56:05","guid":{"rendered":"https:\/\/twojaimprezka.pl\/?page_id=118"},"modified":"2022-12-01T17:30:26","modified_gmt":"2022-12-01T17:30:26","slug":"oswietlenie","status":"publish","type":"page","link":"https:\/\/twojaimprezka.pl\/?page_id=118","title":{"rendered":"O\u015aWIETLENIE"},"content":{"rendered":"<p>[et_pb_section fb_built=&#8221;1&#8243; _builder_version=&#8221;4.18.0&#8243; _module_preset=&#8221;default&#8221; global_colors_info=&#8221;{}&#8221;][et_pb_row _builder_version=&#8221;4.18.0&#8243; _module_preset=&#8221;default&#8221; hover_enabled=&#8221;0&#8243; global_colors_info=&#8221;{}&#8221; sticky_enabled=&#8221;0&#8243;][et_pb_column type=&#8221;4_4&#8243; _builder_version=&#8221;4.18.0&#8243; _module_preset=&#8221;default&#8221; global_colors_info=&#8221;{}&#8221;][et_pb_text _builder_version=&#8221;4.18.0&#8243; _module_preset=&#8221;default&#8221; global_colors_info=&#8221;{}&#8221;]<\/p>\n<p>O\u015aWIETLENIE<\/p>\n<p><span>Sprawiam, \u017ce zwyk\u0142e przestrzenie nabieraj\u0105 wyj\u0105tkowego klimatu. Klimatu godnego Waszej wyj\u0105tkowej uroczysto\u015bci.\u00a0 O\u015bwietlenie sali na dowolny kolor pozwoli stworzy\u0107 niepowtarzalny klimat uroczysto\u015bci, \u015bwietnie wkomponuje si\u0119 w kolorystyk\u0119 przyj\u0119cia, a tak\u017ce stworzy pi\u0119kne t\u0142o do zdj\u0119\u0107 oraz filmu.<\/span><\/p>\n<p>Dysponujemy:\u00a0<\/p>\n<ul>\n<li>ci\u0119\u017ckim dymem (taniec w chmurze),<\/li>\n<li>parami led,<\/li>\n<li>ruchomymi g\u0142owami,<\/li>\n<li>listwami led,<\/li>\n<li>telebimem<\/li>\n<\/ul>\n<p><span style=\"text-decoration: underline;\">Dla klient\u00f3w, kt\u00f3rzy zdecyduj\u0105 si\u0119 na dekoracj\u0119 \u015bwiat\u0142em jako us\u0142ug\u0119 dodatkow\u0105 do oprawy muzycznej przewidziana jest atrakcyjna cena!<\/span><\/p>\n<p>[\/et_pb_text][\/et_pb_column][\/et_pb_row][et_pb_row _builder_version=&#8221;4.18.0&#8243; _module_preset=&#8221;default&#8221; global_colors_info=&#8221;{}&#8221;][et_pb_column type=&#8221;4_4&#8243; _builder_version=&#8221;4.18.0&#8243; _module_preset=&#8221;default&#8221; global_colors_info=&#8221;{}&#8221;][et_pb_gallery gallery_ids=&#8221;164,165&#8243; show_title_and_caption=&#8221;off&#8221; show_pagination=&#8221;off&#8221; _builder_version=&#8221;4.18.0&#8243; _module_preset=&#8221;default&#8221; global_colors_info=&#8221;{}&#8221;][\/et_pb_gallery][\/et_pb_column][\/et_pb_row][\/et_pb_section]<\/p>\n","protected":false},"excerpt":{"rendered":"<p>O\u015aWIETLENIE Sprawiam, \u017ce zwyk\u0142e przestrzenie nabieraj\u0105 wyj\u0105tkowego klimatu. Klimatu godnego Waszej wyj\u0105tkowej uroczysto\u015bci.\u00a0 O\u015bwietlenie sali na dowolny kolor pozwoli stworzy\u0107 niepowtarzalny klimat uroczysto\u015bci, \u015bwietnie wkomponuje si\u0119 w kolorystyk\u0119 przyj\u0119cia, a tak\u017ce stworzy pi\u0119kne t\u0142o do zdj\u0119\u0107 oraz filmu. Dysponujemy:\u00a0 ci\u0119\u017ckim dymem (taniec w chmurze), parami led, ruchomymi g\u0142owami, listwami led, telebimem Dla klient\u00f3w, kt\u00f3rzy zdecyduj\u0105 [&hellip;]<\/p>\n","protected":false},"author":1,"featured_media":0,"parent":0,"menu_order":0,"comment_status":"closed","ping_status":"closed","template":"","meta":{"_et_pb_use_builder":"on","_et_pb_old_content":"","_et_gb_content_width":""},"_links":{"self":[{"href":"https:\/\/twojaimprezka.pl\/index.php?rest_route=\/wp\/v2\/pages\/118"}],"collection":[{"href":"https:\/\/twojaimprezka.pl\/index.php?rest_route=\/wp\/v2\/pages"}],"about":[{"href":"https:\/\/twojaimprezka.pl\/index.php?rest_route=\/wp\/v2\/types\/page"}],"author":[{"embeddable":true,"href":"https:\/\/twojaimprezka.pl\/index.php?rest_route=\/wp\/v2\/users\/1"}],"replies":[{"embeddable":true,"href":"https:\/\/twojaimprezka.pl\/index.php?rest_route=%2Fwp%2Fv2%2Fcomments&post=118"}],"version-history":[{"count":6,"href":"https:\/\/twojaimprezka.pl\/index.php?rest_route=\/wp\/v2\/pages\/118\/revisions"}],"predecessor-version":[{"id":186,"href":"https:\/\/twojaimprezka.pl\/index.php?rest_route=\/wp\/v2\/pages\/118\/revisions\/186"}],"wp:attachment":[{"href":"https:\/\/twojaimprezka.pl\/index.php?rest_route=%2Fwp%2Fv2%2Fmedia&parent=118"}],"curies":[{"name":"wp","href":"https:\/\/api.w.org\/{rel}","templated":true}]}}