{"id":101,"date":"2022-10-04T09:13:47","date_gmt":"2022-10-04T09:13:47","guid":{"rendered":"https:\/\/twojaimprezka.pl\/?page_id=101"},"modified":"2022-12-01T17:26:24","modified_gmt":"2022-12-01T17:26:24","slug":"o-nas","status":"publish","type":"page","link":"https:\/\/twojaimprezka.pl\/?page_id=101","title":{"rendered":"O NAS"},"content":{"rendered":"<p>[et_pb_section fb_built=&#8221;1&#8243; _builder_version=&#8221;4.18.0&#8243; _module_preset=&#8221;default&#8221; global_colors_info=&#8221;{}&#8221;][et_pb_row _builder_version=&#8221;4.18.0&#8243; _module_preset=&#8221;default&#8221; global_colors_info=&#8221;{}&#8221;][et_pb_column type=&#8221;4_4&#8243; _builder_version=&#8221;4.18.0&#8243; _module_preset=&#8221;default&#8221; global_colors_info=&#8221;{}&#8221;][et_pb_text _builder_version=&#8221;4.18.0&#8243; _module_preset=&#8221;default&#8221; hover_enabled=&#8221;0&#8243; global_colors_info=&#8221;{}&#8221; sticky_enabled=&#8221;0&#8243;]<\/p>\n<p><strong>WITAJ!\u00a0<\/strong><\/p>\n<p>Je\u015bli poszukujesz Dj&#8217;a i wodzireja na wesele lub inn\u0105 imprez\u0119 &#8211; dobrze Trafi\u0142e\u015b \u2013\u00a0 TwojaImprezka.pl to gwarancja udanej zabawy!<\/p>\n<p>Jako do\u015bwiadczony DJ\/prezenter, \u00a0zapewni\u0119 pe\u0142n\u0105 obs\u0142ug\u0119 Waszego wesela, urodzin czy eventu firmowego. Dzi\u0119ki zdobytemu do\u015bwiadczeniu na weselach, urodzinach, studni\u00f3wkach a nawet chrzcinach itp. potrafi\u0119 dopasowa\u0107 gatunek muzyczny do os\u00f3b, kt\u00f3re bawi\u0105 si\u0119 na parkiecie.<br \/>W mojej bazie muzycznej znajduj\u0105 si\u0119 utwory r\u00f3\u017cnego gatunku z lat 50,60,70,80,90&#8230;. a\u017c to wsp\u00f3\u0142czenych hit\u00f3w klubowych. Posiadam do\u015bwiadczenie jako organizator imprez masowych. Profesjonalne nag\u0142o\u015bnienie, o\u015bwietlenie zapewni bawi\u0105cym si\u0119 go\u015bciom niezapomniane prze\u017cycia.<\/p>\n<p>[\/et_pb_text][\/et_pb_column][\/et_pb_row][et_pb_row _builder_version=&#8221;4.18.0&#8243; _module_preset=&#8221;default&#8221; global_colors_info=&#8221;{}&#8221;][et_pb_column type=&#8221;4_4&#8243; _builder_version=&#8221;4.18.0&#8243; _module_preset=&#8221;default&#8221; global_colors_info=&#8221;{}&#8221;][et_pb_gallery gallery_ids=&#8221;162,53&#8243; show_title_and_caption=&#8221;off&#8221; show_pagination=&#8221;off&#8221; _builder_version=&#8221;4.18.0&#8243; _module_preset=&#8221;default&#8221; global_colors_info=&#8221;{}&#8221;][\/et_pb_gallery][\/et_pb_column][\/et_pb_row][\/et_pb_section]<\/p>\n","protected":false},"excerpt":{"rendered":"<p>WITAJ!\u00a0 Je\u015bli poszukujesz Dj&#8217;a i wodzireja na wesele lub inn\u0105 imprez\u0119 &#8211; dobrze Trafi\u0142e\u015b \u2013\u00a0 TwojaImprezka.pl to gwarancja udanej zabawy! Jako do\u015bwiadczony DJ\/prezenter, \u00a0zapewni\u0119 pe\u0142n\u0105 obs\u0142ug\u0119 Waszego wesela, urodzin czy eventu firmowego. Dzi\u0119ki zdobytemu do\u015bwiadczeniu na weselach, urodzinach, studni\u00f3wkach a nawet chrzcinach itp. potrafi\u0119 dopasowa\u0107 gatunek muzyczny do os\u00f3b, kt\u00f3re bawi\u0105 si\u0119 na parkiecie.W mojej [&hellip;]<\/p>\n","protected":false},"author":1,"featured_media":0,"parent":0,"menu_order":0,"comment_status":"closed","ping_status":"closed","template":"","meta":{"_et_pb_use_builder":"on","_et_pb_old_content":"","_et_gb_content_width":""},"_links":{"self":[{"href":"https:\/\/twojaimprezka.pl\/index.php?rest_route=\/wp\/v2\/pages\/101"}],"collection":[{"href":"https:\/\/twojaimprezka.pl\/index.php?rest_route=\/wp\/v2\/pages"}],"about":[{"href":"https:\/\/twojaimprezka.pl\/index.php?rest_route=\/wp\/v2\/types\/page"}],"author":[{"embeddable":true,"href":"https:\/\/twojaimprezka.pl\/index.php?rest_route=\/wp\/v2\/users\/1"}],"replies":[{"embeddable":true,"href":"https:\/\/twojaimprezka.pl\/index.php?rest_route=%2Fwp%2Fv2%2Fcomments&post=101"}],"version-history":[{"count":7,"href":"https:\/\/twojaimprezka.pl\/index.php?rest_route=\/wp\/v2\/pages\/101\/revisions"}],"predecessor-version":[{"id":184,"href":"https:\/\/twojaimprezka.pl\/index.php?rest_route=\/wp\/v2\/pages\/101\/revisions\/184"}],"wp:attachment":[{"href":"https:\/\/twojaimprezka.pl\/index.php?rest_route=%2Fwp%2Fv2%2Fmedia&parent=101"}],"curies":[{"name":"wp","href":"https:\/\/api.w.org\/{rel}","templated":true}]}}